{"id":987897,"date":"2024-01-14T16:10:28","date_gmt":"2024-01-14T15:10:28","guid":{"rendered":"https:\/\/boebi.hu\/?page_id=987897"},"modified":"2024-01-14T16:12:30","modified_gmt":"2024-01-14T15:12:30","slug":"turaajanlatok","status":"publish","type":"page","link":"https:\/\/boebi.hu\/index.php\/turaajanlatok\/","title":{"rendered":"T\u00faraaj\u00e1nlatok"},"content":{"rendered":"<div class=\"vgblk-rw-wrapper limit-wrapper\">\n\n\t\t\t\t\t\t\t<img loading=\"lazy\" decoding=\"async\" width=\"329\" height=\"174\" src=\"https:\/\/boebi.hu\/wp-content\/uploads\/2018\/08\/illustration-bike-duo.svg\" alt=\"illustration-bike-duo\" itemprop=\"image\" title=\"illustration-bike-duo\" onerror=\"this.style.display='none'\" \/>\t\t\t\t\t\t\t\n<h2>\n\tT\u00faraaj\u00e1nlatok\n\t<\/h2>\n\t<p>T\u00faravezet\u0151ink seg\u00edts\u00e9g\u00e9vel megismerhetitek a k\u00f6rny\u00e9k autentikus pontjait \u00e9s l\u00e1tnival\u00f3it. Gyertek vel\u00fcnk, hogy a t\u00far\u00e1z\u00e1s igazi \u00e9lm\u00e9ny legyen!<\/p>\n\t\t\t\t\t\t\t<img loading=\"lazy\" decoding=\"async\" width=\"1171\" height=\"1235\" src=\"https:\/\/boebi.hu\/wp-content\/uploads\/2023\/06\/Kepernyofoto-2023-06-26-2.13.38.png\" alt=\"Ke\u0301pernyo\u030bfoto\u0301 2023-06-26 - 2.13.38\" itemprop=\"image\" title=\"Ke\u0301pernyo\u030bfoto\u0301 2023-06-26 - 2.13.38\" onerror=\"this.style.display='none'\"  sizes=\"auto, (max-width: 768px) 100vw, 100vw\" srcset=\"https:\/\/boebi.hu\/wp-content\/uploads\/2023\/06\/Kepernyofoto-2023-06-26-2.13.38.png 1171w, https:\/\/boebi.hu\/wp-content\/uploads\/2023\/06\/Kepernyofoto-2023-06-26-2.13.38-284x300.png 284w, https:\/\/boebi.hu\/wp-content\/uploads\/2023\/06\/Kepernyofoto-2023-06-26-2.13.38-971x1024.png 971w, https:\/\/boebi.hu\/wp-content\/uploads\/2023\/06\/Kepernyofoto-2023-06-26-2.13.38-768x810.png 768w, https:\/\/boebi.hu\/wp-content\/uploads\/2023\/06\/Kepernyofoto-2023-06-26-2.13.38-630x664.png 630w, https:\/\/boebi.hu\/wp-content\/uploads\/2023\/06\/Kepernyofoto-2023-06-26-2.13.38-420x443.png 420w, https:\/\/boebi.hu\/wp-content\/uploads\/2023\/06\/Kepernyofoto-2023-06-26-2.13.38-840x886.png 840w, https:\/\/boebi.hu\/wp-content\/uploads\/2023\/06\/Kepernyofoto-2023-06-26-2.13.38-315x332.png 315w\" \/>\t\t\t\t\t\t\t\n<h3>\n\tEsztergom a Dunakanyar \u00e9kk\u00f6ve\n\t<\/h3>\n\t<p>A t\u00fara \u00e1thalad Az Ipoly \u00e9s a Garam foly\u00f3k felett, ahol j\u00f3 id\u0151ben lehet\u0151s\u00e9g van strandolni. A v\u00e9gc\u00e9l Esztergom v\u00e1rosa, ahol megtekintj\u00fck a Bazilik\u00e1t \u00e9s a V\u00e1r \u00e9p\u00fclet\u00e9t. Akik nem f\u00e9lnek a magasban k\u00f6rbe s\u00e9t\u00e1lhatnak a Bazilika kupol\u00e1ja k\u00f6r\u00fcl.\u00a0<\/p>\n\t<h6><strong>R\u00e9szletek:<\/strong><\/h6>\n\t<ul>\n<li>T\u00e1vols\u00e1g : 25 km<\/li>\n<li>Szintk\u00fcl\u00f6nbs\u00e9g : 100 m<\/li>\n<li>Neh\u00e9zs\u00e9g:\u00a0 k\u00f6nny\u0171<\/li>\n<li>L\u00e1tnival\u00f3k: kult\u00fara, t\u00f6rt\u00e9nelem, term\u00e9szet, vall\u00e1s<\/li>\n<li>Orsz\u00e1g: Magyarorsz\u00e1g -Szlov\u00e1kia<\/li>\n<\/ul>\n<h3>\n\tB\u00f6rzs\u00f6ny-trail\n\t<\/h3>\n\t<p>Haz\u00e1nk legnagyobb egybef\u00fcgg\u0151 lakatlan erd\u0151s\u00e9ge a B\u00f6rzs\u00f6ny, amely rengeteg izgalmas trail rejt a h\u0171s f\u00e1k lombkoron\u00e1ja alatt. T\u00far\u00e1nk c\u00e9lja, hogy a r\u00e9sztvev\u0151k betekint\u00e9s nyerjenek az \u00e9rintetlen t\u00e1j bels\u0151 ter\u00fcleteire. Aki vel\u00fcnk tart sok izgalmas trail \u00e9s megannyi gy\u00f6ny\u00f6r\u0171 panor\u00e1ma pont sz\u00e9ps\u00e9geit \u00e9lvezheti a t\u00fara alkalm\u00e1val. A szintk\u00fcl\u00f6nbs\u00e9g miatt nem kell agg\u00f3dni, elektromos mtb ker\u00e9kp\u00e1rjaink seg\u00edts\u00e9g\u00e9vel b\u00e1rki megk\u00fczdhet a szintk\u00fcl\u00f6nbs\u00e9ggel. <\/p>\n\t<h6><strong>R\u00c9SZLETEK:<\/strong><\/h6>\n\t<ul>\n<li>T\u00e1vols\u00e1g : 60km<\/li>\n<li>Szintk\u00fcl\u00f6nbs\u00e9g : 700 m<\/li>\n<li>Neh\u00e9zs\u00e9g:\u00a0 halad\u00f3<\/li>\n<li>L\u00e1tnival\u00f3k: Nemzeti Park, t\u00f6rt\u00e9nelmi helysz\u00ednek<\/li>\n<li>Orsz\u00e1g: Magyarorsz\u00e1g<\/li>\n<\/ul>\n\t\t\t\t\t\t\t<img loading=\"lazy\" decoding=\"async\" width=\"1218\" height=\"1240\" src=\"https:\/\/boebi.hu\/wp-content\/uploads\/2023\/06\/Kepernyofoto-2023-06-26-2.33.44.png\" alt=\"Ke\u0301pernyo\u030bfoto\u0301 2023-06-26 - 2.33.44\" itemprop=\"image\" title=\"Ke\u0301pernyo\u030bfoto\u0301 2023-06-26 - 2.33.44\" onerror=\"this.style.display='none'\"  sizes=\"auto, (max-width: 768px) 100vw, 100vw\" srcset=\"https:\/\/boebi.hu\/wp-content\/uploads\/2023\/06\/Kepernyofoto-2023-06-26-2.33.44.png 1218w, https:\/\/boebi.hu\/wp-content\/uploads\/2023\/06\/Kepernyofoto-2023-06-26-2.33.44-295x300.png 295w, https:\/\/boebi.hu\/wp-content\/uploads\/2023\/06\/Kepernyofoto-2023-06-26-2.33.44-1006x1024.png 1006w, https:\/\/boebi.hu\/wp-content\/uploads\/2023\/06\/Kepernyofoto-2023-06-26-2.33.44-768x782.png 768w, https:\/\/boebi.hu\/wp-content\/uploads\/2023\/06\/Kepernyofoto-2023-06-26-2.33.44-630x641.png 630w, https:\/\/boebi.hu\/wp-content\/uploads\/2023\/06\/Kepernyofoto-2023-06-26-2.33.44-420x428.png 420w, https:\/\/boebi.hu\/wp-content\/uploads\/2023\/06\/Kepernyofoto-2023-06-26-2.33.44-840x855.png 840w, https:\/\/boebi.hu\/wp-content\/uploads\/2023\/06\/Kepernyofoto-2023-06-26-2.33.44-315x321.png 315w\" \/>\t\t\t\t\t\t\t\n\t\t\t\t\t\t\t<img loading=\"lazy\" decoding=\"async\" width=\"1054\" height=\"1178\" src=\"https:\/\/boebi.hu\/wp-content\/uploads\/2023\/06\/Kepernyofoto-2023-06-26-2.57.12.png\" alt=\"Ke\u0301pernyo\u030bfoto\u0301 2023-06-26 - 2.57.12\" itemprop=\"image\" title=\"Ke\u0301pernyo\u030bfoto\u0301 2023-06-26 - 2.57.12\" onerror=\"this.style.display='none'\"  sizes=\"auto, (max-width: 768px) 100vw, 100vw\" srcset=\"https:\/\/boebi.hu\/wp-content\/uploads\/2023\/06\/Kepernyofoto-2023-06-26-2.57.12.png 1054w, https:\/\/boebi.hu\/wp-content\/uploads\/2023\/06\/Kepernyofoto-2023-06-26-2.57.12-268x300.png 268w, https:\/\/boebi.hu\/wp-content\/uploads\/2023\/06\/Kepernyofoto-2023-06-26-2.57.12-916x1024.png 916w, https:\/\/boebi.hu\/wp-content\/uploads\/2023\/06\/Kepernyofoto-2023-06-26-2.57.12-768x858.png 768w, https:\/\/boebi.hu\/wp-content\/uploads\/2023\/06\/Kepernyofoto-2023-06-26-2.57.12-630x704.png 630w, https:\/\/boebi.hu\/wp-content\/uploads\/2023\/06\/Kepernyofoto-2023-06-26-2.57.12-420x469.png 420w, https:\/\/boebi.hu\/wp-content\/uploads\/2023\/06\/Kepernyofoto-2023-06-26-2.57.12-840x939.png 840w, https:\/\/boebi.hu\/wp-content\/uploads\/2023\/06\/Kepernyofoto-2023-06-26-2.57.12-315x352.png 315w\" \/>\t\t\t\t\t\t\t\n<h3>\n\tGasztr\u00f3t\u00fara a Dunakanyarban\n\t<\/h3>\n\t<p>T\u00far\u00e1nk c\u00e9lja a k\u00f6rnyez\u0151 telep\u00fcl\u00e9sek felfedez\u00e9se, de nem maradhatnak ki a legjobb trail-ek \u00e9s panor\u00e1ma pontok sem. A Dunakanyar minden \u00e9vszakban gy\u00f6ny\u00f6r\u0171, \u00e9s tele van izgalmasabbn\u00e1l izgalmasabb l\u00e1tnival\u00f3kkal. Gyere \u00e9s fedezd fel vel\u00fcnk haz\u00e1nk egyik legszebb t\u00e1jegys\u00e9g\u00e9t.\u00a0<\/p>\n\t<h6><strong>R\u00c9SZLETEK:<\/strong><\/h6>\n\t<ul>\n<li>T\u00e1vols\u00e1g : 50km<\/li>\n<li>Szintk\u00fcl\u00f6nbs\u00e9g : 300 m<\/li>\n<li>Neh\u00e9zs\u00e9g:\u00a0 kezd\u0151<\/li>\n<li>L\u00e1tnival\u00f3k: Nemzeti Park, panor\u00e1ma pontok, gasztron\u00f3mia<\/li>\n<li>Orsz\u00e1g: Magyarorsz\u00e1g<\/li>\n<\/ul>\n<h3>\n\tBurda-hegys\u00e9g, bork\u00f3stol\u00f3\n\t<\/h3>\n\t<p>T\u00far\u00e1nk sor\u00e1n felfedezz\u00fck a Burda-hegys\u00e9get, melyr\u0151l egyed\u00fcl\u00e1ll\u00f3 panor\u00e1ma ny\u00edlik a Dun\u00e1ra \u00e9s az Esztergomi Bazilik\u00e1ra. Visszafel\u00e9 bet\u00e9r\u00fcnk a Vil\u00e1gi Winery pinc\u00e9szetbe egy kellemes borkostol\u00f3 erej\u00e9ig.<\/p>\n\t<h6><strong>R\u00c9SZLETEK:<\/strong><\/h6>\n\t<ul>\n<li>T\u00e1vols\u00e1g : 20km<\/li>\n<li>Szintk\u00fcl\u00f6nbs\u00e9g : 300 m<\/li>\n<li>Neh\u00e9zs\u00e9g:\u00a0 kezd\u0151<\/li>\n<li>L\u00e1tnival\u00f3k: Nemzeti Park, panor\u00e1ma pontok, gasztron\u00f3mia<\/li>\n<li>Orsz\u00e1g: Magyarorsz\u00e1g &#8211; Szlov\u00e1kia<\/li>\n<\/ul>\n\t\t\t\t\t\t\t<img loading=\"lazy\" decoding=\"async\" width=\"895\" height=\"976\" src=\"https:\/\/boebi.hu\/wp-content\/uploads\/2023\/06\/Kepernyofoto-2023-06-26-3.25.36.png\" alt=\"Ke\u0301pernyo\u030bfoto\u0301 2023-06-26 - 3.25.36\" itemprop=\"image\" title=\"Ke\u0301pernyo\u030bfoto\u0301 2023-06-26 - 3.25.36\" onerror=\"this.style.display='none'\"  sizes=\"auto, (max-width: 768px) 100vw, 100vw\" srcset=\"https:\/\/boebi.hu\/wp-content\/uploads\/2023\/06\/Kepernyofoto-2023-06-26-3.25.36.png 895w, https:\/\/boebi.hu\/wp-content\/uploads\/2023\/06\/Kepernyofoto-2023-06-26-3.25.36-275x300.png 275w, https:\/\/boebi.hu\/wp-content\/uploads\/2023\/06\/Kepernyofoto-2023-06-26-3.25.36-768x838.png 768w, https:\/\/boebi.hu\/wp-content\/uploads\/2023\/06\/Kepernyofoto-2023-06-26-3.25.36-630x687.png 630w, https:\/\/boebi.hu\/wp-content\/uploads\/2023\/06\/Kepernyofoto-2023-06-26-3.25.36-420x458.png 420w, https:\/\/boebi.hu\/wp-content\/uploads\/2023\/06\/Kepernyofoto-2023-06-26-3.25.36-840x916.png 840w, https:\/\/boebi.hu\/wp-content\/uploads\/2023\/06\/Kepernyofoto-2023-06-26-3.25.36-315x344.png 315w\" \/>\t\t\t\t\t\t\t\n\n<\/div><!-- .vgblk-rw-wrapper -->","protected":false},"excerpt":{"rendered":"<p>T\u00faraaj\u00e1nlatok T\u00faravezet\u0151ink seg\u00edts\u00e9g\u00e9vel megismerhetitek a k\u00f6rny\u00e9k autentikus pontjait \u00e9s l\u00e1tnival\u00f3it. Gyertek vel\u00fcnk, hogy a t\u00far\u00e1z\u00e1s igazi \u00e9lm\u00e9ny legyen! Esztergom a Dunakanyar \u00e9kk\u00f6ve A t\u00fara \u00e1thalad Az Ipoly \u00e9s a Garam&#8230;<\/p>\n","protected":false},"author":4,"featured_media":0,"parent":0,"menu_order":0,"comment_status":"closed","ping_status":"closed","template":"","meta":{"inline_featured_image":false,"footnotes":""},"class_list":["post-987897","page","type-page","status-publish","hentry"],"jetpack_sharing_enabled":true,"_links":{"self":[{"href":"https:\/\/boebi.hu\/index.php\/wp-json\/wp\/v2\/pages\/987897","targetHints":{"allow":["GET"]}}],"collection":[{"href":"https:\/\/boebi.hu\/index.php\/wp-json\/wp\/v2\/pages"}],"about":[{"href":"https:\/\/boebi.hu\/index.php\/wp-json\/wp\/v2\/types\/page"}],"author":[{"embeddable":true,"href":"https:\/\/boebi.hu\/index.php\/wp-json\/wp\/v2\/users\/4"}],"replies":[{"embeddable":true,"href":"https:\/\/boebi.hu\/index.php\/wp-json\/wp\/v2\/comments?post=987897"}],"version-history":[{"count":3,"href":"https:\/\/boebi.hu\/index.php\/wp-json\/wp\/v2\/pages\/987897\/revisions"}],"predecessor-version":[{"id":987900,"href":"https:\/\/boebi.hu\/index.php\/wp-json\/wp\/v2\/pages\/987897\/revisions\/987900"}],"wp:attachment":[{"href":"https:\/\/boebi.hu\/index.php\/wp-json\/wp\/v2\/media?parent=987897"}],"curies":[{"name":"wp","href":"https:\/\/api.w.org\/{rel}","templated":true}]}}