{"id":17428,"date":"2018-09-02T13:16:14","date_gmt":"2018-09-02T11:16:14","guid":{"rendered":"https:\/\/komo.vamtam.com\/?page_id=17428"},"modified":"2023-06-27T10:31:48","modified_gmt":"2023-06-27T08:31:48","slug":"giant-fathom-e-plus-2","status":"publish","type":"page","link":"https:\/\/boebi.hu\/index.php\/kerekpar-berles\/giant-fathom-e-plus-2\/","title":{"rendered":"Giant Fathom E+ 2"},"content":{"rendered":"<div class=\"vgblk-rw-wrapper limit-wrapper\">\n\n\t\t\t\t\t\t\t<img decoding=\"async\" loading=\"lazy\" src=\"https:\/\/boebi.hu\/wp-content\/uploads\/2023\/06\/FTHOM.jpg\" alt=\"FTHOM\" itemprop=\"image\" height=\"850\" width=\"1133\" title=\"FTHOM\" onerror=\"this.style.display='none'\"  sizes=\"auto, (max-width: 768px) 100vw, 100vw\" srcset=\"https:\/\/boebi.hu\/wp-content\/uploads\/2023\/06\/FTHOM.jpg 1133w, https:\/\/boebi.hu\/wp-content\/uploads\/2023\/06\/FTHOM-630x473.jpg 630w, https:\/\/boebi.hu\/wp-content\/uploads\/2023\/06\/FTHOM-300x225.jpg 300w, https:\/\/boebi.hu\/wp-content\/uploads\/2023\/06\/FTHOM-1024x768.jpg 1024w, https:\/\/boebi.hu\/wp-content\/uploads\/2023\/06\/FTHOM-768x576.jpg 768w, https:\/\/boebi.hu\/wp-content\/uploads\/2023\/06\/FTHOM-420x315.jpg 420w, https:\/\/boebi.hu\/wp-content\/uploads\/2023\/06\/FTHOM-840x630.jpg 840w, https:\/\/boebi.hu\/wp-content\/uploads\/2023\/06\/FTHOM-315x236.jpg 315w\" \/>\t\t\t\t\t\t\t\n<h4>\n\tFathom E+ 2\n\t<\/h4>\n\t<table>\n<tbody>\n<tr>\n<td>\n<p>F\u00e9l napra<\/p>\n<\/td>\n<td>\n\n<\/td>\n<td>\n<p><strong>8.000 Ft<\/strong><\/p>\n<\/td>\n<\/tr>\n<tr>\n<td>\n<p>Napid\u00edj<\/p>\n<\/td>\n<td>\n\n<\/td>\n<td>\n<p><strong>16.000 Ft<\/strong><\/p>\n<\/td>\n<\/tr>\n<\/tbody>\n<\/table>\n<h4>\n\tMinden ker\u00e9kp\u00e1rb\u00e9rl\u00e9shez biztos\u00edtunk:\n\t<\/h4>\n<h2>Kiv\u00e1lasztott d\u00e1tum: <strong>2023.06.27.<\/strong><\/h2><button data-date=\"2023-06-28\">K\u00f6vetkez\u0151&nbsp;&nbsp;<\/button><input data-min-date=\"2023-06-27\" value=\"2023-06-27\" type=\"hidden\"\/><a href=\"#\"><\/a>Fathom M&nbsp;&nbsp;08:00 &ndash; 09:005 el\u00e9rhet\u0151<button data-calendar-id=\"103\" data-title=\"Fathom M\" data-timeslot=\"0800-0900\" data-date=\"2023-06-27\" disabled>Fathom M08:00 &ndash; 09:00Elfogyott<\/button>Fathom L&nbsp;&nbsp;10:00 &ndash; 11:004 el\u00e9rhet\u0151<button data-calendar-id=\"103\" data-title=\"Fathom L\" data-timeslot=\"1000-1100\" data-date=\"2023-06-27\" disabled>Fathom L10:00 &ndash; 11:00Elfogyott<\/button>Fathom XL&nbsp;&nbsp;13:00 &ndash; 14:002 el\u00e9rhet\u0151<button data-calendar-id=\"103\" data-title=\"Fathom XL\" data-timeslot=\"1300-1400\" data-date=\"2023-06-27\">Fathom XL13:00 &ndash; 14:00Foglal\u00e1s<\/button>\n\t\t\t\t\t\t\t<img decoding=\"async\" loading=\"lazy\" src=\"https:\/\/boebi.hu\/wp-content\/uploads\/2023\/06\/sizes.png\" alt=\"sizes\" itemprop=\"image\" height=\"149\" width=\"1138\" title=\"sizes\" onerror=\"this.style.display='none'\"  sizes=\"auto, (max-width: 768px) 100vw, 100vw\" srcset=\"https:\/\/boebi.hu\/wp-content\/uploads\/2023\/06\/sizes.png 1138w, https:\/\/boebi.hu\/wp-content\/uploads\/2023\/06\/sizes-300x39.png 300w, https:\/\/boebi.hu\/wp-content\/uploads\/2023\/06\/sizes-1024x134.png 1024w, https:\/\/boebi.hu\/wp-content\/uploads\/2023\/06\/sizes-768x101.png 768w, https:\/\/boebi.hu\/wp-content\/uploads\/2023\/06\/sizes-630x82.png 630w, https:\/\/boebi.hu\/wp-content\/uploads\/2023\/06\/sizes-420x55.png 420w, https:\/\/boebi.hu\/wp-content\/uploads\/2023\/06\/sizes-840x110.png 840w, https:\/\/boebi.hu\/wp-content\/uploads\/2023\/06\/sizes-315x41.png 315w\" \/>\t\t\t\t\t\t\t\n\t<h2>Vegye \u00e1t az ir\u00e1ny\u00edt\u00e1st a terepen ezzel a sz\u00f3rakoztat\u00f3 \u00faj, elektromos ker\u00e9kp\u00e1rral. Most m\u00e1r k\u00f6nnyebben h\u00f3d\u00edthattja meg a cs\u00facsokat \u00e9s messzebbre tekerhet &#8211; ez a t\u00f6k\u00e9letes k\u00e9plet egy kellemes naphoz.<\/h2>\n\t\t\t\t\t\t\t<img decoding=\"async\" loading=\"lazy\" src=\"https:\/\/boebi.hu\/wp-content\/uploads\/2023\/06\/fathom1.jpeg\" alt=\"fathom1\" itemprop=\"image\" height=\"1000\" width=\"1500\" title=\"fathom1\" onerror=\"this.style.display='none'\"  sizes=\"auto, (max-width: 768px) 100vw, 100vw\" srcset=\"https:\/\/boebi.hu\/wp-content\/uploads\/2023\/06\/fathom1.jpeg 1500w, https:\/\/boebi.hu\/wp-content\/uploads\/2023\/06\/fathom1-300x200.jpeg 300w, https:\/\/boebi.hu\/wp-content\/uploads\/2023\/06\/fathom1-1024x683.jpeg 1024w, https:\/\/boebi.hu\/wp-content\/uploads\/2023\/06\/fathom1-768x512.jpeg 768w, https:\/\/boebi.hu\/wp-content\/uploads\/2023\/06\/fathom1-1260x840.jpeg 1260w, https:\/\/boebi.hu\/wp-content\/uploads\/2023\/06\/fathom1-630x420.jpeg 630w, https:\/\/boebi.hu\/wp-content\/uploads\/2023\/06\/fathom1-420x280.jpeg 420w, https:\/\/boebi.hu\/wp-content\/uploads\/2023\/06\/fathom1-840x560.jpeg 840w, https:\/\/boebi.hu\/wp-content\/uploads\/2023\/06\/fathom1-315x210.jpeg 315w\" \/>\t\t\t\t\t\t\t\n<h4>Energialead\u00e1s<\/h4>\n<p>A SyncDrive Sport motortechnol\u00f3gia hat\u00e9kony, azonnali er\u0151t biztos\u00edt mindenf\u00e9le terep megh\u00f3d\u00edt\u00e1shoz \u00e9s a sz\u00f3rakoz\u00e1shoz.<\/p>\n<h4>Kiegyens\u00falyozott, magabiztos kezel\u00e9s<\/h4>\n<p>K\u00f6nny\u0171 alum\u00ednium v\u00e1z terepbar\u00e1t geometri\u00e1ja, az els\u0151 teleszk\u00f3p 120 mm-es rug\u00f3\u00fatja \u00e9s stabil, 29 h\u00fcvelykes, t\u00f6ml\u0151 n\u00e9lk\u00fcli abroncsokkal ell\u00e1tott kerekek biztos\u00edtj\u00e1k az magabiztos ir\u00e1ny\u00edt\u00e1st off-road terepen.<\/p>\n<h4>Hossz\u00fa \u00e9lettartam\u00fa akkumul\u00e1tor<\/h4>\n<p>A 625 Wh kapacit\u00e1s\u00fa integr\u00e1lt EnergyPak Smart akkumul\u00e1tor a 6A-es gyorst\u00f6lt\u0151nkkel egyszer\u0171en 2,5 \u00f3ra alatt 80 sz\u00e1zal\u00e9kra t\u00f6lthet\u0151.<\/p>\n\t<p><strong>Mekkora hat\u00f3t\u00e1vra sz\u00e1m\u00edthatok egyetlen akkumul\u00e1tort\u00f6lt\u00e9ssel?<\/strong><\/p>\n<p>A hat\u00f3t\u00e1vols\u00e1g nagym\u00e9rt\u00e9kben v\u00e1ltozhat az olyan k\u00f6r\u00fclm\u00e9nyekt\u0151l f\u00fcgg\u0151en, mint a ker\u00e9kp\u00e1ros \u00e9s felszerel\u00e9s\u00e9nek az egy\u00fcttes s\u00falya; sz\u00e9lir\u00e1ny; abroncsnyom\u00e1s \u00e9s fut\u00f3fel\u00fcletprofil; terep- \u00e9s magass\u00e1gv\u00e1ltoz\u00e1sok; \u00fat vagy nyomvonal fel\u00fclete; k\u00fcls\u0151 h\u0151m\u00e9rs\u00e9klet; az E-Bike karbantart\u00e1sa; \u00e9s az akkumul\u00e1tor \u00e1llapota.<\/p>\n\t\t\t\t\t\t\t<img decoding=\"async\" loading=\"lazy\" src=\"https:\/\/boebi.hu\/wp-content\/uploads\/2023\/06\/fathom3.jpeg\" alt=\"fathom3\" itemprop=\"image\" height=\"1000\" width=\"1500\" title=\"fathom3\" onerror=\"this.style.display='none'\"  sizes=\"auto, (max-width: 768px) 100vw, 100vw\" srcset=\"https:\/\/boebi.hu\/wp-content\/uploads\/2023\/06\/fathom3.jpeg 1500w, https:\/\/boebi.hu\/wp-content\/uploads\/2023\/06\/fathom3-300x200.jpeg 300w, https:\/\/boebi.hu\/wp-content\/uploads\/2023\/06\/fathom3-1024x683.jpeg 1024w, https:\/\/boebi.hu\/wp-content\/uploads\/2023\/06\/fathom3-768x512.jpeg 768w, https:\/\/boebi.hu\/wp-content\/uploads\/2023\/06\/fathom3-1260x840.jpeg 1260w, https:\/\/boebi.hu\/wp-content\/uploads\/2023\/06\/fathom3-630x420.jpeg 630w, https:\/\/boebi.hu\/wp-content\/uploads\/2023\/06\/fathom3-420x280.jpeg 420w, https:\/\/boebi.hu\/wp-content\/uploads\/2023\/06\/fathom3-840x560.jpeg 840w, https:\/\/boebi.hu\/wp-content\/uploads\/2023\/06\/fathom3-315x210.jpeg 315w\" \/>\t\t\t\t\t\t\t\n\n<\/div><!-- .vgblk-rw-wrapper -->","protected":false},"excerpt":{"rendered":"<p>Fathom E+ 2 F\u00e9l napra 8.000 Ft Napid\u00edj 16.000 Ft Minden ker\u00e9kp\u00e1rb\u00e9rl\u00e9shez biztos\u00edtunk: Kiv\u00e1lasztott d\u00e1tum: 2023.06.27. K\u00f6vetkez\u0151&nbsp;&nbsp;Fathom M&nbsp;&nbsp;08:00 &ndash; 09:005 el\u00e9rhet\u0151Fathom M08:00 &ndash; 09:00ElfogyottFathom L&nbsp;&nbsp;10:00 &ndash; 11:004 el\u00e9rhet\u0151Fathom L10:00 &ndash;&#8230;<\/p>\n","protected":false},"author":4,"featured_media":0,"parent":16736,"menu_order":0,"comment_status":"closed","ping_status":"closed","template":"","meta":{"inline_featured_image":false,"footnotes":""},"class_list":["post-17428","page","type-page","status-publish","hentry"],"jetpack_sharing_enabled":true,"_links":{"self":[{"href":"https:\/\/boebi.hu\/index.php\/wp-json\/wp\/v2\/pages\/17428","targetHints":{"allow":["GET"]}}],"collection":[{"href":"https:\/\/boebi.hu\/index.php\/wp-json\/wp\/v2\/pages"}],"about":[{"href":"https:\/\/boebi.hu\/index.php\/wp-json\/wp\/v2\/types\/page"}],"author":[{"embeddable":true,"href":"https:\/\/boebi.hu\/index.php\/wp-json\/wp\/v2\/users\/4"}],"replies":[{"embeddable":true,"href":"https:\/\/boebi.hu\/index.php\/wp-json\/wp\/v2\/comments?post=17428"}],"version-history":[{"count":13,"href":"https:\/\/boebi.hu\/index.php\/wp-json\/wp\/v2\/pages\/17428\/revisions"}],"predecessor-version":[{"id":987771,"href":"https:\/\/boebi.hu\/index.php\/wp-json\/wp\/v2\/pages\/17428\/revisions\/987771"}],"up":[{"embeddable":true,"href":"https:\/\/boebi.hu\/index.php\/wp-json\/wp\/v2\/pages\/16736"}],"wp:attachment":[{"href":"https:\/\/boebi.hu\/index.php\/wp-json\/wp\/v2\/media?parent=17428"}],"curies":[{"name":"wp","href":"https:\/\/api.w.org\/{rel}","templated":true}]}}