{"id":17409,"date":"2018-09-02T12:40:06","date_gmt":"2018-09-02T10:40:06","guid":{"rendered":"https:\/\/komo.vamtam.com\/?page_id=17409"},"modified":"2023-06-27T11:55:08","modified_gmt":"2023-06-27T09:55:08","slug":"giant-vall-e-plus-2","status":"publish","type":"page","link":"https:\/\/boebi.hu\/index.php\/kerekpar-berles\/giant-vall-e-plus-2\/","title":{"rendered":"Giant Vall E+ 2"},"content":{"rendered":"<div class=\"vgblk-rw-wrapper limit-wrapper\">\n\n\t\t\t\t\t\t\t<img decoding=\"async\" loading=\"lazy\" src=\"https:\/\/boebi.hu\/wp-content\/uploads\/2023\/06\/vall.jpg\" alt=\"vall\" itemprop=\"image\" height=\"850\" width=\"1133\" title=\"vall\" onerror=\"this.style.display='none'\"  sizes=\"auto, (max-width: 768px) 100vw, 100vw\" srcset=\"https:\/\/boebi.hu\/wp-content\/uploads\/2023\/06\/vall.jpg 1133w, https:\/\/boebi.hu\/wp-content\/uploads\/2023\/06\/vall-630x473.jpg 630w, https:\/\/boebi.hu\/wp-content\/uploads\/2023\/06\/vall-300x225.jpg 300w, https:\/\/boebi.hu\/wp-content\/uploads\/2023\/06\/vall-1024x768.jpg 1024w, https:\/\/boebi.hu\/wp-content\/uploads\/2023\/06\/vall-768x576.jpg 768w, https:\/\/boebi.hu\/wp-content\/uploads\/2023\/06\/vall-420x315.jpg 420w, https:\/\/boebi.hu\/wp-content\/uploads\/2023\/06\/vall-840x630.jpg 840w, https:\/\/boebi.hu\/wp-content\/uploads\/2023\/06\/vall-315x236.jpg 315w\" \/>\t\t\t\t\t\t\t\n<h4>\n\tVall E+ 2\n\t<\/h4>\n\t<table>\n<tbody>\n<tr>\n<td>\n<p>F\u00e9l napra<\/p>\n<\/td>\n<td>\n\n<\/td>\n<td>\n<p><strong>8.000 Ft<\/strong><\/p>\n<\/td>\n<\/tr>\n<tr>\n<td>\n<p>Napid\u00edj<\/p>\n<\/td>\n<td>\n\n<\/td>\n<td>\n<p><strong>16.000 Ft<\/strong><\/p>\n<\/td>\n<\/tr>\n<\/tbody>\n<\/table>\n<h4>\n\tMinden ker\u00e9kp\u00e1rb\u00e9rl\u00e9shez biztos\u00edtunk:\n\t<\/h4>\n<h2>Kiv\u00e1lasztott d\u00e1tum: <strong>2023.06.28.<\/strong><\/h2><button data-date=\"2023-06-29\">K\u00f6vetkez\u0151&nbsp;&nbsp;<\/button><input data-min-date=\"2023-06-28\" value=\"2023-06-28\" type=\"hidden\"\/><a href=\"#\"><\/a>Vall E+ XS&nbsp;&nbsp;07:00 &ndash; 08:003 el\u00e9rhet\u0151<button data-calendar-id=\"104\" data-title=\"Vall E+ XS\" data-timeslot=\"0700-0800\" data-date=\"2023-06-28\">Vall E+ XS07:00 &ndash; 08:00Foglal\u00e1s<\/button>Vall E+ S&nbsp;&nbsp;08:00 &ndash; 09:004 el\u00e9rhet\u0151<button data-calendar-id=\"104\" data-title=\"Vall E+ S\" data-timeslot=\"0800-0900\" data-date=\"2023-06-28\">Vall E+ S08:00 &ndash; 09:00Foglal\u00e1s<\/button>Vall E+ M&nbsp;&nbsp;09:00 &ndash; 10:002 el\u00e9rhet\u0151<button data-calendar-id=\"104\" data-title=\"Vall E+ M\" data-timeslot=\"0900-1000\" data-date=\"2023-06-28\">Vall E+ M09:00 &ndash; 10:00Foglal\u00e1s<\/button>Vall E+ L&nbsp;&nbsp;10:00 &ndash; 11:001 el\u00e9rhet\u0151<button data-calendar-id=\"104\" data-title=\"Vall E+ L\" data-timeslot=\"1000-1100\" data-date=\"2023-06-28\">Vall E+ L10:00 &ndash; 11:00Foglal\u00e1s<\/button>\n\t\t\t\t\t\t\t<img decoding=\"async\" loading=\"lazy\" src=\"https:\/\/boebi.hu\/wp-content\/uploads\/2023\/06\/sizes.png\" alt=\"sizes\" itemprop=\"image\" height=\"149\" width=\"1138\" title=\"sizes\" onerror=\"this.style.display='none'\"  sizes=\"auto, (max-width: 768px) 100vw, 100vw\" srcset=\"https:\/\/boebi.hu\/wp-content\/uploads\/2023\/06\/sizes.png 1138w, https:\/\/boebi.hu\/wp-content\/uploads\/2023\/06\/sizes-300x39.png 300w, https:\/\/boebi.hu\/wp-content\/uploads\/2023\/06\/sizes-1024x134.png 1024w, https:\/\/boebi.hu\/wp-content\/uploads\/2023\/06\/sizes-768x101.png 768w, https:\/\/boebi.hu\/wp-content\/uploads\/2023\/06\/sizes-630x82.png 630w, https:\/\/boebi.hu\/wp-content\/uploads\/2023\/06\/sizes-420x55.png 420w, https:\/\/boebi.hu\/wp-content\/uploads\/2023\/06\/sizes-840x110.png 840w, https:\/\/boebi.hu\/wp-content\/uploads\/2023\/06\/sizes-315x41.png 315w\" \/>\t\t\t\t\t\t\t\n\t<h2>MINEN \u00daT MOST V\u00c1LT M\u00c9G EPIKUSABB\u00c1.<\/h2>\n\t\t\t\t\t\t\t<img decoding=\"async\" loading=\"lazy\" src=\"https:\/\/boebi.hu\/wp-content\/uploads\/2023\/06\/liv3.jpeg\" alt=\"liv3\" itemprop=\"image\" height=\"1000\" width=\"2167\" title=\"liv3\" onerror=\"this.style.display='none'\"  sizes=\"auto, (max-width: 768px) 100vw, 100vw\" srcset=\"https:\/\/boebi.hu\/wp-content\/uploads\/2023\/06\/liv3.jpeg 2167w, https:\/\/boebi.hu\/wp-content\/uploads\/2023\/06\/liv3-300x138.jpeg 300w, https:\/\/boebi.hu\/wp-content\/uploads\/2023\/06\/liv3-1024x473.jpeg 1024w, https:\/\/boebi.hu\/wp-content\/uploads\/2023\/06\/liv3-768x354.jpeg 768w, https:\/\/boebi.hu\/wp-content\/uploads\/2023\/06\/liv3-1536x709.jpeg 1536w, https:\/\/boebi.hu\/wp-content\/uploads\/2023\/06\/liv3-2048x945.jpeg 2048w, https:\/\/boebi.hu\/wp-content\/uploads\/2023\/06\/liv3-1260x581.jpeg 1260w, https:\/\/boebi.hu\/wp-content\/uploads\/2023\/06\/liv3-630x291.jpeg 630w, https:\/\/boebi.hu\/wp-content\/uploads\/2023\/06\/liv3-420x194.jpeg 420w, https:\/\/boebi.hu\/wp-content\/uploads\/2023\/06\/liv3-840x388.jpeg 840w, https:\/\/boebi.hu\/wp-content\/uploads\/2023\/06\/liv3-315x145.jpeg 315w\" \/>\t\t\t\t\t\t\t\n<h4>Megb\u00edzhat\u00f3s\u00e1g<\/h4>\n<p>A rendk\u00edv\u00fcl megb\u00edzhat\u00f3 EnergyPak Smart 500Wh-s akkumul\u00e1tor ak\u00e1r 170 km-es* hat\u00f3t\u00e1vols\u00e1g\u00e1nak k\u00f6sz\u00f6nhet\u0151en k\u00f6nnyen el\u00e9rhet\u0151v\u00e9 v\u00e1lnak az \u00faj \u00fatvonalak \u00e9s \u00e9lm\u00e9nyek. A Yamaha SyncDrive Sport motor 70 Nm nyomat\u00e9kot ad le, \u00e9s hat sebess\u00e9gszab\u00e1lyoz\u00e1si fokozattal rendelkezik, maximum 350%-os t\u00e1mogat\u00e1ssal. <\/p>\n<p>*A t\u00e9nyleges hat\u00f3t\u00e1v t\u00f6bb t\u00e9nyez\u0151t\u0151l f\u00fcgg, bele\u00e9rtve a s\u00falyt, a magass\u00e1got, a terepviszonyokat \u00e9s a gyorsul\u00e1st.<\/p>\n<h4>Integr\u00e1lt tervez\u00e9s<\/h4>\n<p>A sebess\u00e9g\u00e9rz\u00e9kel\u0151vel egy\u00fctt az EnergyPak Smart akkumul\u00e1tor is az als\u00f3 cs\u0151be van be\u00e9p\u00edtve, ez\u00e1ltal mindkett\u0151 k\u00f6nnyen hozz\u00e1f\u00e9rhet\u0151.<\/p>\n<h4>K\u00e9nyelmes<\/h4>\n<p>A Smart Assist technol\u00f3gia kisim\u00edtja az \u00fat egyenetlens\u00e9geit, a korm\u00e1nyra szerelt RideControl Dash pedig megk\u00f6nny\u00edti a ped\u00e1lseg\u00e9d funkci\u00f3k kiv\u00e1laszt\u00e1s\u00e1t \u00e9s az akkumul\u00e1tor t\u00f6lt\u00f6tts\u00e9gi szintj\u00e9nek megtekint\u00e9s\u00e9t.<\/p>\n\t\t\t\t\t\t\t<img decoding=\"async\" loading=\"lazy\" src=\"https:\/\/boebi.hu\/wp-content\/uploads\/2023\/06\/liv2.jpeg\" alt=\"liv2\" itemprop=\"image\" height=\"1000\" width=\"2167\" title=\"liv2\" onerror=\"this.style.display='none'\"  sizes=\"auto, (max-width: 768px) 100vw, 100vw\" srcset=\"https:\/\/boebi.hu\/wp-content\/uploads\/2023\/06\/liv2.jpeg 2167w, https:\/\/boebi.hu\/wp-content\/uploads\/2023\/06\/liv2-300x138.jpeg 300w, https:\/\/boebi.hu\/wp-content\/uploads\/2023\/06\/liv2-1024x473.jpeg 1024w, https:\/\/boebi.hu\/wp-content\/uploads\/2023\/06\/liv2-768x354.jpeg 768w, https:\/\/boebi.hu\/wp-content\/uploads\/2023\/06\/liv2-1536x709.jpeg 1536w, https:\/\/boebi.hu\/wp-content\/uploads\/2023\/06\/liv2-2048x945.jpeg 2048w, https:\/\/boebi.hu\/wp-content\/uploads\/2023\/06\/liv2-1260x581.jpeg 1260w, https:\/\/boebi.hu\/wp-content\/uploads\/2023\/06\/liv2-630x291.jpeg 630w, https:\/\/boebi.hu\/wp-content\/uploads\/2023\/06\/liv2-420x194.jpeg 420w, https:\/\/boebi.hu\/wp-content\/uploads\/2023\/06\/liv2-840x388.jpeg 840w, https:\/\/boebi.hu\/wp-content\/uploads\/2023\/06\/liv2-315x145.jpeg 315w\" \/>\t\t\t\t\t\t\t\n\t<p><strong>Mekkora hat\u00f3t\u00e1vra sz\u00e1m\u00edthatok egyetlen akkumul\u00e1tort\u00f6lt\u00e9ssel?<\/strong><\/p>\n<p>A hat\u00f3t\u00e1vols\u00e1g nagym\u00e9rt\u00e9kben v\u00e1ltozhat az olyan k\u00f6r\u00fclm\u00e9nyekt\u0151l f\u00fcgg\u0151en, mint a ker\u00e9kp\u00e1ros \u00e9s felszerel\u00e9s\u00e9nek az egy\u00fcttes s\u00falya; sz\u00e9lir\u00e1ny; abroncsnyom\u00e1s \u00e9s fut\u00f3fel\u00fcletprofil; terep- \u00e9s magass\u00e1gv\u00e1ltoz\u00e1sok; \u00fat vagy nyomvonal fel\u00fclete; k\u00fcls\u0151 h\u0151m\u00e9rs\u00e9klet; az E-Bike karbantart\u00e1sa; \u00e9s az akkumul\u00e1tor \u00e1llapota.<\/p>\n\n<\/div><!-- .vgblk-rw-wrapper -->","protected":false},"excerpt":{"rendered":"<p>Vall E+ 2 F\u00e9l napra 8.000 Ft Napid\u00edj 16.000 Ft Minden ker\u00e9kp\u00e1rb\u00e9rl\u00e9shez biztos\u00edtunk: Kiv\u00e1lasztott d\u00e1tum: 2023.06.28. K\u00f6vetkez\u0151&nbsp;&nbsp;Vall E+ XS&nbsp;&nbsp;07:00 &ndash; 08:003 el\u00e9rhet\u0151Vall E+ XS07:00 &ndash; 08:00Foglal\u00e1sVall E+ S&nbsp;&nbsp;08:00 &ndash; 09:004&#8230;<\/p>\n","protected":false},"author":4,"featured_media":0,"parent":16736,"menu_order":0,"comment_status":"closed","ping_status":"closed","template":"","meta":{"inline_featured_image":false,"footnotes":""},"class_list":["post-17409","page","type-page","status-publish","hentry"],"jetpack_sharing_enabled":true,"_links":{"self":[{"href":"https:\/\/boebi.hu\/index.php\/wp-json\/wp\/v2\/pages\/17409","targetHints":{"allow":["GET"]}}],"collection":[{"href":"https:\/\/boebi.hu\/index.php\/wp-json\/wp\/v2\/pages"}],"about":[{"href":"https:\/\/boebi.hu\/index.php\/wp-json\/wp\/v2\/types\/page"}],"author":[{"embeddable":true,"href":"https:\/\/boebi.hu\/index.php\/wp-json\/wp\/v2\/users\/4"}],"replies":[{"embeddable":true,"href":"https:\/\/boebi.hu\/index.php\/wp-json\/wp\/v2\/comments?post=17409"}],"version-history":[{"count":8,"href":"https:\/\/boebi.hu\/index.php\/wp-json\/wp\/v2\/pages\/17409\/revisions"}],"predecessor-version":[{"id":987779,"href":"https:\/\/boebi.hu\/index.php\/wp-json\/wp\/v2\/pages\/17409\/revisions\/987779"}],"up":[{"embeddable":true,"href":"https:\/\/boebi.hu\/index.php\/wp-json\/wp\/v2\/pages\/16736"}],"wp:attachment":[{"href":"https:\/\/boebi.hu\/index.php\/wp-json\/wp\/v2\/media?parent=17409"}],"curies":[{"name":"wp","href":"https:\/\/api.w.org\/{rel}","templated":true}]}}