{"id":16736,"date":"2018-05-15T20:32:34","date_gmt":"2018-05-15T18:32:34","guid":{"rendered":"https:\/\/komo.vamtam.com\/?page_id=16736"},"modified":"2024-05-18T22:18:03","modified_gmt":"2024-05-18T20:18:03","slug":"kerekpar-berles","status":"publish","type":"page","link":"https:\/\/boebi.hu\/index.php\/kerekpar-berles\/","title":{"rendered":"Ker\u00e9kp\u00e1r b\u00e9rl\u00e9s"},"content":{"rendered":"<div class=\"vgblk-rw-wrapper limit-wrapper\">\n\n\t\t\t\t<a href=\"https:\/\/boebi.hu\/index.php\/kerekpar-berles\/giant-fathom-e-plus-2\/\" target=\"_self\" itemprop=\"url\" title=\"FTHOM\" rel=\"noopener\">\n\t\t\t\t\t\t\t<img loading=\"lazy\" decoding=\"async\" src=\"https:\/\/boebi.hu\/wp-content\/uploads\/2023\/06\/FTHOM.jpg\" alt=\"FTHOM\" itemprop=\"image\" height=\"850\" width=\"1133\" data-link-type=\"url\" title=\"FTHOM\" onerror=\"this.style.display='none'\"  sizes=\"auto, (max-width: 768px) 100vw, 100vw\" srcset=\"https:\/\/boebi.hu\/wp-content\/uploads\/2023\/06\/FTHOM.jpg 1133w, https:\/\/boebi.hu\/wp-content\/uploads\/2023\/06\/FTHOM-630x473.jpg 630w, https:\/\/boebi.hu\/wp-content\/uploads\/2023\/06\/FTHOM-300x225.jpg 300w, https:\/\/boebi.hu\/wp-content\/uploads\/2023\/06\/FTHOM-1024x768.jpg 1024w, https:\/\/boebi.hu\/wp-content\/uploads\/2023\/06\/FTHOM-768x576.jpg 768w, https:\/\/boebi.hu\/wp-content\/uploads\/2023\/06\/FTHOM-420x315.jpg 420w, https:\/\/boebi.hu\/wp-content\/uploads\/2023\/06\/FTHOM-840x630.jpg 840w, https:\/\/boebi.hu\/wp-content\/uploads\/2023\/06\/FTHOM-315x236.jpg 315w\" \/>\t\t\t\t\t\t<\/a>\n<h4>\n\t\t\t<a href=\"https:\/\/boebi.hu\/index.php\/kerekpar-berles\/giant-fathom-e-plus-2\/\" title=\"Giant Fathom E+ 2\" target=\"_self\" rel=\"noopener\">\n\tGiant Fathom E+ 2\n\t\t\t<\/a>\n\t<\/h4>\n\t<table>\n<tbody>\n<tr>\n<td>\n<p>F\u00e9l napra<\/p>\n<\/td>\n<td>\n\n<\/td>\n<td>\n<p><strong>8.000 Ft<\/strong><\/p>\n<\/td>\n<\/tr>\n<tr>\n<td>\n<p>Napi d\u00edj<\/p>\n<\/td>\n<td>\n\n<\/td>\n<td>\n<p><strong>16.000 Ft<\/strong><\/p>\n<\/td>\n<\/tr>\n<\/tbody>\n<\/table>\n\t<a href=\"https:\/\/boebi.hu\/index.php\/kerekpar-berles\/giant-fathom-e-plus-2\/\" target=\"_self\" role=\"button\" rel=\"noopener\">\n\t\t\t\t\tFoglal\u00e1s \u2192\n\t<\/a>\n\t\t\t\t<a href=\"https:\/\/boebi.hu\/index.php\/kerekpar-berles\/giant-vall-e-plus-2\/\" target=\"_self\" itemprop=\"url\" title=\"vall\" rel=\"noopener\">\n\t\t\t\t\t\t\t<img loading=\"lazy\" decoding=\"async\" src=\"https:\/\/boebi.hu\/wp-content\/uploads\/2023\/06\/vall.jpg\" alt=\"vall\" itemprop=\"image\" height=\"850\" width=\"1133\" data-link-type=\"url\" title=\"vall\" onerror=\"this.style.display='none'\"  sizes=\"auto, (max-width: 768px) 100vw, 100vw\" srcset=\"https:\/\/boebi.hu\/wp-content\/uploads\/2023\/06\/vall.jpg 1133w, https:\/\/boebi.hu\/wp-content\/uploads\/2023\/06\/vall-630x473.jpg 630w, https:\/\/boebi.hu\/wp-content\/uploads\/2023\/06\/vall-300x225.jpg 300w, https:\/\/boebi.hu\/wp-content\/uploads\/2023\/06\/vall-1024x768.jpg 1024w, https:\/\/boebi.hu\/wp-content\/uploads\/2023\/06\/vall-768x576.jpg 768w, https:\/\/boebi.hu\/wp-content\/uploads\/2023\/06\/vall-420x315.jpg 420w, https:\/\/boebi.hu\/wp-content\/uploads\/2023\/06\/vall-840x630.jpg 840w, https:\/\/boebi.hu\/wp-content\/uploads\/2023\/06\/vall-315x236.jpg 315w\" \/>\t\t\t\t\t\t<\/a>\n<h4>\n\t\t\t<a href=\"https:\/\/boebi.hu\/index.php\/kerekpar-berles\/giant-vall-e-plus-2\/\" title=\"Giant Vall E+ 2\" target=\"_self\" rel=\"noopener\">\n\tGiant Vall E+ 2\n\t\t\t<\/a>\n\t<\/h4>\n\t<table>\n<tbody>\n<tr>\n<td>\n<p>F\u00e9l napra<\/p>\n<\/td>\n<td>\n\n<\/td>\n<td>\n<p><strong>8.000 Ft<\/strong><\/p>\n<\/td>\n<\/tr>\n<tr>\n<td>\n<p>Napi d\u00edj<\/p>\n<\/td>\n<td>\n\n<\/td>\n<td>\n<p><strong>16.000 Ft<\/strong><\/p>\n<\/td>\n<\/tr>\n<\/tbody>\n<\/table>\n\t<a href=\"https:\/\/boebi.hu\/index.php\/kerekpar-berles\/giant-vall-e-plus-2\/\" target=\"_self\" role=\"button\" rel=\"noopener\">\n\t\t\t\t\tFoglal\u00e1s \u2192\n\t<\/a>\n<h4>\n\tMinden ker\u00e9kp\u00e1rb\u00e9rl\u00e9shez biztos\u00edtunk:\n\t<\/h4>\n\n<\/div><!-- .vgblk-rw-wrapper -->","protected":false},"excerpt":{"rendered":"<p>Giant Fathom E+ 2 F\u00e9l napra 8.000 Ft Napi d\u00edj 16.000 Ft Foglal\u00e1s \u2192 Giant Vall E+ 2 F\u00e9l napra 8.000 Ft Napi d\u00edj 16.000 Ft Foglal\u00e1s \u2192 Minden ker\u00e9kp\u00e1rb\u00e9rl\u00e9shez&#8230;<\/p>\n","protected":false},"author":4,"featured_media":0,"parent":0,"menu_order":0,"comment_status":"closed","ping_status":"closed","template":"","meta":{"inline_featured_image":false,"footnotes":""},"class_list":["post-16736","page","type-page","status-publish","hentry"],"jetpack_sharing_enabled":true,"_links":{"self":[{"href":"https:\/\/boebi.hu\/index.php\/wp-json\/wp\/v2\/pages\/16736","targetHints":{"allow":["GET"]}}],"collection":[{"href":"https:\/\/boebi.hu\/index.php\/wp-json\/wp\/v2\/pages"}],"about":[{"href":"https:\/\/boebi.hu\/index.php\/wp-json\/wp\/v2\/types\/page"}],"author":[{"embeddable":true,"href":"https:\/\/boebi.hu\/index.php\/wp-json\/wp\/v2\/users\/4"}],"replies":[{"embeddable":true,"href":"https:\/\/boebi.hu\/index.php\/wp-json\/wp\/v2\/comments?post=16736"}],"version-history":[{"count":6,"href":"https:\/\/boebi.hu\/index.php\/wp-json\/wp\/v2\/pages\/16736\/revisions"}],"predecessor-version":[{"id":987921,"href":"https:\/\/boebi.hu\/index.php\/wp-json\/wp\/v2\/pages\/16736\/revisions\/987921"}],"wp:attachment":[{"href":"https:\/\/boebi.hu\/index.php\/wp-json\/wp\/v2\/media?parent=16736"}],"curies":[{"name":"wp","href":"https:\/\/api.w.org\/{rel}","templated":true}]}}