{"id":14013,"date":"2017-09-03T22:38:55","date_gmt":"2017-09-03T22:38:55","guid":{"rendered":"https:\/\/komo.vamtam.com\/?page_id=14013"},"modified":"2024-01-14T16:22:01","modified_gmt":"2024-01-14T15:22:01","slug":"home-modern","status":"publish","type":"page","link":"https:\/\/boebi.hu\/","title":{"rendered":"Home &#8211; Modern"},"content":{"rendered":"<div class=\"vgblk-rw-wrapper limit-wrapper\">\n<h2>\n\tMi\u00e9rt b\u00e9relj t\u0151l\u00fcnk?\n\t<\/h2>\n<h4>\n\tN\u0151i \u00e9s f\u00e9rfi ker\u00e9kp\u00e1rok\n\t<\/h4>\n\t<p>A boebi ker\u00e9kp\u00e1r k\u00edn\u00e1lat\u00e1ban mindenki megtal\u00e1lja a sz\u00e1m\u00e1ra t\u00f6k\u00e9letes kialak\u00edt\u00e1s\u00fa \u00e9s m\u00e9ret\u0171 ker\u00e9kp\u00e1rt.<\/p>\n<h4>\n\tElektromos MTB ker\u00e9kp\u00e1rok\n\t<\/h4>\n\t<p>Megb\u00edzhat\u00f3s\u00e1g \u00e9s nagy teljes\u00edtm\u00e9ny, mely seg\u00edts\u00e9g\u00e9vel b\u00e1rmely c\u00e9lpont el\u00e9rhet\u0151.<\/p>\n<h4>\n\tRugalmas b\u00e9rleti szab\u00e1lyok\n\t<\/h4>\n\t<p>Rendszer\u00fcnknek k\u00f6sz\u00f6nhet\u0151en nem sz\u00fcks\u00e9ges a nyitvatart\u00e1shoz igazodnod.<\/p>\n<h4>\n\tT\u00faraaj\u00e1nlatok t\u00f6bb r\u00e9gi\u00f3ra\n\t<\/h4>\n\t<p>B\u00f6rzs\u00f6ny, Ipoly, Burda-hegys\u00e9g, Dunakanyar, Cserh\u00e1t. Havonta v\u00e1ltoz\u00f3 t\u00far\u00e1k az \u00e9v minden id\u0151szak\u00e1ban.<\/p>\n<h2>\n\tKer\u00e9kp\u00e1rjaink\n\t<\/h2>\n\t\t\t\t<a href=\"https:\/\/boebi.hu\/index.php\/kerekpar-berles\/giant-fathom-e-plus-2\/\" target=\"_self\" itemprop=\"url\" title=\"FTHOM\" rel=\"noopener\">\n\t\t\t\t\t\t\t<img loading=\"lazy\" decoding=\"async\" width=\"1133\" height=\"850\" src=\"https:\/\/boebi.hu\/wp-content\/uploads\/2023\/06\/FTHOM.jpg\" alt=\"FTHOM\" itemprop=\"image\" data-link-type=\"url\" title=\"FTHOM\" onerror=\"this.style.display='none'\"  sizes=\"auto, (max-width: 768px) 100vw, 100vw\" srcset=\"https:\/\/boebi.hu\/wp-content\/uploads\/2023\/06\/FTHOM.jpg 1133w, https:\/\/boebi.hu\/wp-content\/uploads\/2023\/06\/FTHOM-630x473.jpg 630w, https:\/\/boebi.hu\/wp-content\/uploads\/2023\/06\/FTHOM-300x225.jpg 300w, https:\/\/boebi.hu\/wp-content\/uploads\/2023\/06\/FTHOM-1024x768.jpg 1024w, https:\/\/boebi.hu\/wp-content\/uploads\/2023\/06\/FTHOM-768x576.jpg 768w, https:\/\/boebi.hu\/wp-content\/uploads\/2023\/06\/FTHOM-420x315.jpg 420w, https:\/\/boebi.hu\/wp-content\/uploads\/2023\/06\/FTHOM-840x630.jpg 840w, https:\/\/boebi.hu\/wp-content\/uploads\/2023\/06\/FTHOM-315x236.jpg 315w\" \/>\t\t\t\t\t\t<\/a>\n<h4>\n\t\t\t<a href=\"https:\/\/boebi.hu\/index.php\/kerekpar-berles\/giant-fathom-e-plus-2\/\" title=\"Fathom E+ 2\" target=\"_self\" rel=\"noopener\">\n\tFathom E+ 2\n\t\t\t<\/a>\n\t<\/h4>\n\tF\u00e9l napra<br \/>\nNapid\u00edj\n\t<p>8.000 Ft<\/p>\n<p>16.000 Ft<\/p>\n\t<a href=\"https:\/\/boebi.hu\/index.php\/kerekpar-berles\/giant-fathom-e-plus-2\/\" target=\"_self\" role=\"button\" rel=\"noopener\">\n\t\t\t\t\tFoglal\u00e1s \u2192\n\t<\/a>\n\t\t\t\t<a href=\"https:\/\/boebi.hu\/index.php\/kerekpar-berles\/giant-vall-e-plus-2\/\" target=\"_self\" itemprop=\"url\" title=\"vall\" rel=\"noopener\">\n\t\t\t\t\t\t\t<img loading=\"lazy\" decoding=\"async\" width=\"1133\" height=\"850\" src=\"https:\/\/boebi.hu\/wp-content\/uploads\/2023\/06\/vall.jpg\" alt=\"vall\" itemprop=\"image\" data-link-type=\"url\" title=\"vall\" onerror=\"this.style.display='none'\"  sizes=\"auto, (max-width: 768px) 100vw, 100vw\" srcset=\"https:\/\/boebi.hu\/wp-content\/uploads\/2023\/06\/vall.jpg 1133w, https:\/\/boebi.hu\/wp-content\/uploads\/2023\/06\/vall-630x473.jpg 630w, https:\/\/boebi.hu\/wp-content\/uploads\/2023\/06\/vall-300x225.jpg 300w, https:\/\/boebi.hu\/wp-content\/uploads\/2023\/06\/vall-1024x768.jpg 1024w, https:\/\/boebi.hu\/wp-content\/uploads\/2023\/06\/vall-768x576.jpg 768w, https:\/\/boebi.hu\/wp-content\/uploads\/2023\/06\/vall-420x315.jpg 420w, https:\/\/boebi.hu\/wp-content\/uploads\/2023\/06\/vall-840x630.jpg 840w, https:\/\/boebi.hu\/wp-content\/uploads\/2023\/06\/vall-315x236.jpg 315w\" \/>\t\t\t\t\t\t<\/a>\n<h4>\n\t\t\t<a href=\"https:\/\/boebi.hu\/index.php\/kerekpar-berles\/giant-vall-e-plus-2\/\" title=\"Vall E+ 2\" target=\"_self\" rel=\"noopener\">\n\tVall E+ 2\n\t\t\t<\/a>\n\t<\/h4>\n\tF\u00e9l napra<br \/>\nNapid\u00edj\n\t<p>8.000 Ft<\/p>\n<p>16.000 Ft<\/p>\n\t<a href=\"https:\/\/boebi.hu\/index.php\/kerekpar-berles\/giant-vall-e-plus-2\/\" target=\"_self\" role=\"button\" rel=\"noopener\">\n\t\t\t\t\tFoglal\u00e1s \u2192\n\t<\/a>\n<h4>\n\tMinden ker\u00e9kp\u00e1rb\u00e9rl\u00e9shez biztos\u00edtunk:\n\t<\/h4>\n<h3>\n\tFoglald le most a ker\u00e9kp\u00e1rod!\n\t<\/h3>\n\t<a href=\"https:\/\/boebi.hu\/index.php\/kerekpar-berles\/\" target=\"_self\" role=\"button\" rel=\"noopener\">\n\t\t\t\t\tFoglal\u00e1s \u2192\n\t<\/a>\n\t\t\t\t\t\t\t<img loading=\"lazy\" decoding=\"async\" width=\"150\" height=\"150\" src=\"https:\/\/boebi.hu\/wp-content\/uploads\/2023\/06\/New-Project-150x150.png\" alt=\"New Project\" itemprop=\"image\" title=\"New Project\" onerror=\"this.style.display='none'\"  sizes=\"auto, (max-width: 768px) 100vw, 100vw\" srcset=\"https:\/\/boebi.hu\/wp-content\/uploads\/2023\/06\/New-Project-150x150.png 150w, https:\/\/boebi.hu\/wp-content\/uploads\/2023\/06\/New-Project-300x298.png 300w, https:\/\/boebi.hu\/wp-content\/uploads\/2023\/06\/New-Project-315x315.png 315w, https:\/\/boebi.hu\/wp-content\/uploads\/2023\/06\/New-Project-100x100.png 100w, https:\/\/boebi.hu\/wp-content\/uploads\/2023\/06\/New-Project.png 382w\" \/>\t\t\t\t\t\t\t\n\t<h4>\u00c1tv\u00e9teli pont:<\/h4>\n<h5>\n\tBoebi ker\u00e9kp\u00e1rk\u00f6lcs\u00f6nz\u0151\n\t<\/h5>\n\t<p>Ipolydam\u00e1sd, F\u0151 u. 74, 2631<\/p>\n<p>Telefon:\u00a0 +36303362279<\/p>\n<p>e-mail: hello@boebi.hu<\/p>\n<p>&nbsp;<\/p>\n\n<\/div><!-- .vgblk-rw-wrapper -->","protected":false},"excerpt":{"rendered":"<p>Mi\u00e9rt b\u00e9relj t\u0151l\u00fcnk? N\u0151i \u00e9s f\u00e9rfi ker\u00e9kp\u00e1rok A boebi ker\u00e9kp\u00e1r k\u00edn\u00e1lat\u00e1ban mindenki megtal\u00e1lja a sz\u00e1m\u00e1ra t\u00f6k\u00e9letes kialak\u00edt\u00e1s\u00fa \u00e9s m\u00e9ret\u0171 ker\u00e9kp\u00e1rt. Elektromos MTB ker\u00e9kp\u00e1rok Megb\u00edzhat\u00f3s\u00e1g \u00e9s nagy teljes\u00edtm\u00e9ny, mely seg\u00edts\u00e9g\u00e9vel b\u00e1rmely&#8230;<\/p>\n","protected":false},"author":4,"featured_media":0,"parent":0,"menu_order":0,"comment_status":"closed","ping_status":"closed","template":"","meta":{"inline_featured_image":false,"footnotes":""},"class_list":["post-14013","page","type-page","status-publish","hentry"],"jetpack_sharing_enabled":true,"_links":{"self":[{"href":"https:\/\/boebi.hu\/index.php\/wp-json\/wp\/v2\/pages\/14013","targetHints":{"allow":["GET"]}}],"collection":[{"href":"https:\/\/boebi.hu\/index.php\/wp-json\/wp\/v2\/pages"}],"about":[{"href":"https:\/\/boebi.hu\/index.php\/wp-json\/wp\/v2\/types\/page"}],"author":[{"embeddable":true,"href":"https:\/\/boebi.hu\/index.php\/wp-json\/wp\/v2\/users\/4"}],"replies":[{"embeddable":true,"href":"https:\/\/boebi.hu\/index.php\/wp-json\/wp\/v2\/comments?post=14013"}],"version-history":[{"count":15,"href":"https:\/\/boebi.hu\/index.php\/wp-json\/wp\/v2\/pages\/14013\/revisions"}],"predecessor-version":[{"id":987906,"href":"https:\/\/boebi.hu\/index.php\/wp-json\/wp\/v2\/pages\/14013\/revisions\/987906"}],"wp:attachment":[{"href":"https:\/\/boebi.hu\/index.php\/wp-json\/wp\/v2\/media?parent=14013"}],"curies":[{"name":"wp","href":"https:\/\/api.w.org\/{rel}","templated":true}]}}